{"id":354,"date":"2021-06-09T00:02:35","date_gmt":"2021-06-09T00:02:35","guid":{"rendered":"http:\/\/monarimusic.com\/?page_id=354"},"modified":"2024-06-29T14:19:24","modified_gmt":"2024-06-29T14:19:24","slug":"curso-online-de-guitarra-para-iniciantes-metodo-andre-monari-guitar-lessons","status":"publish","type":"page","link":"https:\/\/monarimusic.com\/pt\/","title":{"rendered":"HOME"},"content":{"rendered":"<div data-elementor-type=\"wp-page\" data-elementor-id=\"354\" class=\"elementor elementor-354\" data-elementor-post-type=\"page\">\n\t\t\t\t<div class=\"elementor-element elementor-element-814368f e-con-full e-flex e-con e-parent\" data-id=\"814368f\" data-element_type=\"container\" data-e-type=\"container\" data-settings=\"{&quot;background_background&quot;:&quot;classic&quot;}\">\n\t\t\t\t<div class=\"elementor-element elementor-element-36564e6 elementor-widget__width-initial elementor-widget elementor-widget-heading\" data-id=\"36564e6\" data-element_type=\"widget\" data-e-type=\"widget\" data-widget_type=\"heading.default\">\n\t\t\t\t<div class=\"elementor-widget-container\">\n\t\t\t\t\t<h2 class=\"elementor-heading-title elementor-size-default\"><a href=\"https:\/\/go.hotmart.com\/M55954241T?dp=1\" target=\"_blank\">\ud83c\udfb8 Seja Bem-Vindo ao Curso de Guitarra para Iniciantes ao avan\u00e7ado que Vai Mudar Sua Vida Musical!\ud83c\udfb6<\/a><\/h2>\t\t\t\t<\/div>\n\t\t\t\t<\/div>\n\t\t\t\t<div class=\"elementor-element elementor-element-161b0a9 elementor-widget elementor-widget-image\" data-id=\"161b0a9\" data-element_type=\"widget\" data-e-type=\"widget\" data-widget_type=\"image.default\">\n\t\t\t\t<div class=\"elementor-widget-container\">\n\t\t\t\t\t\t\t\t\t\t\t\t\t\t\t<img fetchpriority=\"high\" decoding=\"async\" width=\"576\" height=\"1024\" src=\"https:\/\/monarimusic.com\/wp-content\/uploads\/2024\/04\/1-576x1024.jpeg\" class=\"attachment-large size-large wp-image-1380\" alt=\"\" srcset=\"https:\/\/monarimusic.com\/wp-content\/uploads\/2024\/04\/1-576x1024.jpeg 576w, https:\/\/monarimusic.com\/wp-content\/uploads\/2024\/04\/1-169x300.jpeg 169w, https:\/\/monarimusic.com\/wp-content\/uploads\/2024\/04\/1-768x1365.jpeg 768w, https:\/\/monarimusic.com\/wp-content\/uploads\/2024\/04\/1-864x1536.jpeg 864w, https:\/\/monarimusic.com\/wp-content\/uploads\/2024\/04\/1-7x12.jpeg 7w, https:\/\/monarimusic.com\/wp-content\/uploads\/2024\/04\/1.jpeg 900w\" sizes=\"(max-width: 576px) 100vw, 576px\" \/>\t\t\t\t\t\t\t\t\t\t\t\t\t\t\t<\/div>\n\t\t\t\t<\/div>\n\t\t\t\t<div class=\"elementor-element elementor-element-2d2ba92 elementor-widget elementor-widget-image\" data-id=\"2d2ba92\" data-element_type=\"widget\" data-e-type=\"widget\" data-widget_type=\"image.default\">\n\t\t\t\t<div class=\"elementor-widget-container\">\n\t\t\t\t\t\t\t\t\t\t\t\t\t\t\t<img decoding=\"async\" width=\"1024\" height=\"1024\" src=\"https:\/\/monarimusic.com\/wp-content\/uploads\/2024\/04\/2-1024x1024.jpeg\" class=\"attachment-large size-large wp-image-1381\" alt=\"\" srcset=\"https:\/\/monarimusic.com\/wp-content\/uploads\/2024\/04\/2-1024x1024.jpeg 1024w, https:\/\/monarimusic.com\/wp-content\/uploads\/2024\/04\/2-300x300.jpeg 300w, https:\/\/monarimusic.com\/wp-content\/uploads\/2024\/04\/2-150x150.jpeg 150w, https:\/\/monarimusic.com\/wp-content\/uploads\/2024\/04\/2-768x768.jpeg 768w, https:\/\/monarimusic.com\/wp-content\/uploads\/2024\/04\/2-12x12.jpeg 12w, https:\/\/monarimusic.com\/wp-content\/uploads\/2024\/04\/2.jpeg 1080w\" sizes=\"(max-width: 1024px) 100vw, 1024px\" \/>\t\t\t\t\t\t\t\t\t\t\t\t\t\t\t<\/div>\n\t\t\t\t<\/div>\n\t\t\t\t<div class=\"elementor-element elementor-element-779003a elementor-widget elementor-widget-image\" data-id=\"779003a\" data-element_type=\"widget\" data-e-type=\"widget\" data-widget_type=\"image.default\">\n\t\t\t\t<div class=\"elementor-widget-container\">\n\t\t\t\t\t\t\t\t\t\t\t\t\t\t\t<img decoding=\"async\" width=\"1024\" height=\"1024\" src=\"https:\/\/monarimusic.com\/wp-content\/uploads\/2024\/04\/3-1024x1024.jpeg\" class=\"attachment-large size-large wp-image-1382\" alt=\"\" srcset=\"https:\/\/monarimusic.com\/wp-content\/uploads\/2024\/04\/3-1024x1024.jpeg 1024w, https:\/\/monarimusic.com\/wp-content\/uploads\/2024\/04\/3-300x300.jpeg 300w, https:\/\/monarimusic.com\/wp-content\/uploads\/2024\/04\/3-150x150.jpeg 150w, https:\/\/monarimusic.com\/wp-content\/uploads\/2024\/04\/3-768x768.jpeg 768w, https:\/\/monarimusic.com\/wp-content\/uploads\/2024\/04\/3-12x12.jpeg 12w, https:\/\/monarimusic.com\/wp-content\/uploads\/2024\/04\/3.jpeg 1080w\" sizes=\"(max-width: 1024px) 100vw, 1024px\" \/>\t\t\t\t\t\t\t\t\t\t\t\t\t\t\t<\/div>\n\t\t\t\t<\/div>\n\t\t\t\t<div class=\"elementor-element elementor-element-14f9840 elementor-widget elementor-widget-image\" data-id=\"14f9840\" data-element_type=\"widget\" data-e-type=\"widget\" data-widget_type=\"image.default\">\n\t\t\t\t<div class=\"elementor-widget-container\">\n\t\t\t\t\t\t\t\t\t\t\t\t\t\t\t<img loading=\"lazy\" decoding=\"async\" width=\"1024\" height=\"1024\" src=\"https:\/\/monarimusic.com\/wp-content\/uploads\/2024\/04\/4-1024x1024.jpeg\" class=\"attachment-large size-large wp-image-1383\" alt=\"\" srcset=\"https:\/\/monarimusic.com\/wp-content\/uploads\/2024\/04\/4-1024x1024.jpeg 1024w, https:\/\/monarimusic.com\/wp-content\/uploads\/2024\/04\/4-300x300.jpeg 300w, https:\/\/monarimusic.com\/wp-content\/uploads\/2024\/04\/4-150x150.jpeg 150w, https:\/\/monarimusic.com\/wp-content\/uploads\/2024\/04\/4-768x768.jpeg 768w, https:\/\/monarimusic.com\/wp-content\/uploads\/2024\/04\/4-12x12.jpeg 12w, https:\/\/monarimusic.com\/wp-content\/uploads\/2024\/04\/4.jpeg 1080w\" sizes=\"(max-width: 1024px) 100vw, 1024px\" \/>\t\t\t\t\t\t\t\t\t\t\t\t\t\t\t<\/div>\n\t\t\t\t<\/div>\n\t\t\t\t<div class=\"elementor-element elementor-element-b4cb5c4 elementor-widget elementor-widget-image\" data-id=\"b4cb5c4\" data-element_type=\"widget\" data-e-type=\"widget\" data-widget_type=\"image.default\">\n\t\t\t\t<div class=\"elementor-widget-container\">\n\t\t\t\t\t\t\t\t\t\t\t\t\t\t\t<img loading=\"lazy\" decoding=\"async\" width=\"1024\" height=\"1024\" src=\"https:\/\/monarimusic.com\/wp-content\/uploads\/2024\/04\/5-1024x1024.jpeg\" class=\"attachment-large size-large wp-image-1384\" alt=\"\" srcset=\"https:\/\/monarimusic.com\/wp-content\/uploads\/2024\/04\/5-1024x1024.jpeg 1024w, https:\/\/monarimusic.com\/wp-content\/uploads\/2024\/04\/5-300x300.jpeg 300w, https:\/\/monarimusic.com\/wp-content\/uploads\/2024\/04\/5-150x150.jpeg 150w, https:\/\/monarimusic.com\/wp-content\/uploads\/2024\/04\/5-768x768.jpeg 768w, https:\/\/monarimusic.com\/wp-content\/uploads\/2024\/04\/5-12x12.jpeg 12w, https:\/\/monarimusic.com\/wp-content\/uploads\/2024\/04\/5.jpeg 1080w\" sizes=\"(max-width: 1024px) 100vw, 1024px\" \/>\t\t\t\t\t\t\t\t\t\t\t\t\t\t\t<\/div>\n\t\t\t\t<\/div>\n\t\t\t\t<div class=\"elementor-element elementor-element-81bd508 elementor-align-center elementor-widget elementor-widget-button\" data-id=\"81bd508\" data-element_type=\"widget\" data-e-type=\"widget\" data-widget_type=\"button.default\">\n\t\t\t\t<div class=\"elementor-widget-container\">\n\t\t\t\t\t\t\t\t\t<div class=\"elementor-button-wrapper\">\n\t\t\t\t\t<a class=\"elementor-button elementor-button-link elementor-size-sm elementor-animation-pop\" href=\"https:\/\/go.hotmart.com\/M55954241T?dp=1\" target=\"_blank\">\n\t\t\t\t\t\t<span class=\"elementor-button-content-wrapper\">\n\t\t\t\t\t\t\t\t\t<span class=\"elementor-button-text\">Adquira agora<\/span>\n\t\t\t\t\t<\/span>\n\t\t\t\t\t<\/a>\n\t\t\t\t<\/div>\n\t\t\t\t\t\t\t\t<\/div>\n\t\t\t\t<\/div>\n\t\t\t\t<\/div>\n\t\t\t\t<\/div>","protected":false},"excerpt":{"rendered":"<p>\ud83c\udfb8 Welcome to the Beginner to Advanced Guitar Course That Will Change Your Musical Life! \ud83c\udfb6 Get it now<\/p>","protected":false},"author":4,"featured_media":929,"parent":0,"menu_order":0,"comment_status":"closed","ping_status":"closed","template":"elementor_header_footer","meta":{"_monsterinsights_skip_tracking":false,"_monsterinsights_sitenote_active":false,"_monsterinsights_sitenote_note":"","_monsterinsights_sitenote_category":0,"_uf_show_specific_survey":0,"_uf_disable_surveys":false,"footnotes":""},"class_list":["post-354","page","type-page","status-publish","has-post-thumbnail","hentry","wpbf-post"],"yoast_head":"<!-- This site is optimized with the Yoast SEO plugin v27.3 - https:\/\/yoast.com\/product\/yoast-seo-wordpress\/ -->\n<title>Monari Music<\/title>\n<meta name=\"description\" content=\"Andr\u00e9 Monari \u00e9 m\u00fasico Respons\u00e1vel pelo m\u00e9todo Monari Music Guitar Lessons, curso dispon\u00edvel em 3 idiomas e que j\u00e1 formou diversos guitarristas\" \/>\n<meta name=\"robots\" content=\"index, follow, max-snippet:-1, max-image-preview:large, max-video-preview:-1\" \/>\n<link rel=\"canonical\" href=\"https:\/\/monarimusic.com\/pt\/\" \/>\n<meta property=\"og:locale\" content=\"pt_BR\" \/>\n<meta property=\"og:type\" content=\"article\" \/>\n<meta property=\"og:title\" content=\"Monari Music\" \/>\n<meta property=\"og:description\" content=\"Andr\u00e9 Monari \u00e9 m\u00fasico Respons\u00e1vel pelo m\u00e9todo Monari Music Guitar Lessons, curso dispon\u00edvel em 3 idiomas e que j\u00e1 formou diversos guitarristas\" \/>\n<meta property=\"og:url\" content=\"https:\/\/monarimusic.com\/pt\/\" \/>\n<meta property=\"og:site_name\" content=\"Andr\u00e9 Monari\" \/>\n<meta property=\"article:publisher\" content=\"https:\/\/www.facebook.com\/andre.m.blues\" \/>\n<meta property=\"article:modified_time\" content=\"2024-06-29T14:19:24+00:00\" \/>\n<meta property=\"og:image\" content=\"https:\/\/monarimusic.com\/wp-content\/uploads\/2021\/09\/2.jpg\" \/>\n\t<meta property=\"og:image:width\" content=\"2000\" \/>\n\t<meta property=\"og:image:height\" content=\"2000\" \/>\n\t<meta property=\"og:image:type\" content=\"image\/jpeg\" \/>\n<meta name=\"twitter:card\" content=\"summary_large_image\" \/>\n<meta name=\"twitter:image\" content=\"https:\/\/monarimusic.com\/wp-content\/uploads\/2021\/09\/2.jpg\" \/>\n<meta name=\"twitter:label1\" content=\"Est. tempo de leitura\" \/>\n\t<meta name=\"twitter:data1\" content=\"2 minutos\" \/>\n<script type=\"application\/ld+json\" class=\"yoast-schema-graph\">{\"@context\":\"https:\\\/\\\/schema.org\",\"@graph\":[{\"@type\":\"WebPage\",\"@id\":\"https:\\\/\\\/monarimusic.com\\\/\",\"url\":\"https:\\\/\\\/monarimusic.com\\\/\",\"name\":\"Monari Music\",\"isPartOf\":{\"@id\":\"https:\\\/\\\/monarimusic.com\\\/#website\"},\"primaryImageOfPage\":{\"@id\":\"https:\\\/\\\/monarimusic.com\\\/#primaryimage\"},\"image\":{\"@id\":\"https:\\\/\\\/monarimusic.com\\\/#primaryimage\"},\"thumbnailUrl\":\"https:\\\/\\\/monarimusic.com\\\/wp-content\\\/uploads\\\/2021\\\/09\\\/2.jpg\",\"datePublished\":\"2021-06-09T00:02:35+00:00\",\"dateModified\":\"2024-06-29T14:19:24+00:00\",\"description\":\"Andr\u00e9 Monari \u00e9 m\u00fasico Respons\u00e1vel pelo m\u00e9todo Monari Music Guitar Lessons, curso dispon\u00edvel em 3 idiomas e que j\u00e1 formou diversos guitarristas\",\"breadcrumb\":{\"@id\":\"https:\\\/\\\/monarimusic.com\\\/#breadcrumb\"},\"inLanguage\":\"pt-BR\",\"potentialAction\":[{\"@type\":\"ReadAction\",\"target\":[\"https:\\\/\\\/monarimusic.com\\\/\"]}]},{\"@type\":\"ImageObject\",\"inLanguage\":\"pt-BR\",\"@id\":\"https:\\\/\\\/monarimusic.com\\\/#primaryimage\",\"url\":\"https:\\\/\\\/monarimusic.com\\\/wp-content\\\/uploads\\\/2021\\\/09\\\/2.jpg\",\"contentUrl\":\"https:\\\/\\\/monarimusic.com\\\/wp-content\\\/uploads\\\/2021\\\/09\\\/2.jpg\",\"width\":2000,\"height\":2000},{\"@type\":\"BreadcrumbList\",\"@id\":\"https:\\\/\\\/monarimusic.com\\\/#breadcrumb\",\"itemListElement\":[{\"@type\":\"ListItem\",\"position\":1,\"name\":\"In\u00edcio\",\"item\":\"https:\\\/\\\/monarimusic.com\\\/\"},{\"@type\":\"ListItem\",\"position\":2,\"name\":\"HOME\"}]},{\"@type\":\"WebSite\",\"@id\":\"https:\\\/\\\/monarimusic.com\\\/#website\",\"url\":\"https:\\\/\\\/monarimusic.com\\\/\",\"name\":\"Andr\u00e9 Monari\",\"description\":\"\",\"publisher\":{\"@id\":\"https:\\\/\\\/monarimusic.com\\\/#organization\"},\"potentialAction\":[{\"@type\":\"SearchAction\",\"target\":{\"@type\":\"EntryPoint\",\"urlTemplate\":\"https:\\\/\\\/monarimusic.com\\\/?s={search_term_string}\"},\"query-input\":{\"@type\":\"PropertyValueSpecification\",\"valueRequired\":true,\"valueName\":\"search_term_string\"}}],\"inLanguage\":\"pt-BR\"},{\"@type\":\"Organization\",\"@id\":\"https:\\\/\\\/monarimusic.com\\\/#organization\",\"name\":\"Andr\u00e9 Monari\",\"url\":\"https:\\\/\\\/monarimusic.com\\\/\",\"logo\":{\"@type\":\"ImageObject\",\"inLanguage\":\"pt-BR\",\"@id\":\"https:\\\/\\\/monarimusic.com\\\/#\\\/schema\\\/logo\\\/image\\\/\",\"url\":\"http:\\\/\\\/monarimusic.com\\\/wp-content\\\/uploads\\\/2021\\\/09\\\/2.jpg\",\"contentUrl\":\"http:\\\/\\\/monarimusic.com\\\/wp-content\\\/uploads\\\/2021\\\/09\\\/2.jpg\",\"width\":2000,\"height\":2000,\"caption\":\"Andr\u00e9 Monari\"},\"image\":{\"@id\":\"https:\\\/\\\/monarimusic.com\\\/#\\\/schema\\\/logo\\\/image\\\/\"},\"sameAs\":[\"https:\\\/\\\/www.facebook.com\\\/andre.m.blues\",\"https:\\\/\\\/www.instagram.com\\\/monarimusic\\\/\",\"https:\\\/\\\/www.youtube.com\\\/channel\\\/UCiC_61cMgisbf6sDi3njxgw\"]}]}<\/script>\n<!-- \/ Yoast SEO plugin. -->","yoast_head_json":{"title":"Monari Music","description":"Andr\u00e9 Monari \u00e9 m\u00fasico Respons\u00e1vel pelo m\u00e9todo Monari Music Guitar Lessons, curso dispon\u00edvel em 3 idiomas e que j\u00e1 formou diversos guitarristas","robots":{"index":"index","follow":"follow","max-snippet":"max-snippet:-1","max-image-preview":"max-image-preview:large","max-video-preview":"max-video-preview:-1"},"canonical":"https:\/\/monarimusic.com\/pt\/","og_locale":"pt_BR","og_type":"article","og_title":"Monari Music","og_description":"Andr\u00e9 Monari \u00e9 m\u00fasico Respons\u00e1vel pelo m\u00e9todo Monari Music Guitar Lessons, curso dispon\u00edvel em 3 idiomas e que j\u00e1 formou diversos guitarristas","og_url":"https:\/\/monarimusic.com\/pt\/","og_site_name":"Andr\u00e9 Monari","article_publisher":"https:\/\/www.facebook.com\/andre.m.blues","article_modified_time":"2024-06-29T14:19:24+00:00","og_image":[{"width":2000,"height":2000,"url":"https:\/\/monarimusic.com\/wp-content\/uploads\/2021\/09\/2.jpg","type":"image\/jpeg"}],"twitter_card":"summary_large_image","twitter_image":"https:\/\/monarimusic.com\/wp-content\/uploads\/2021\/09\/2.jpg","twitter_misc":{"Est. tempo de leitura":"2 minutos"},"schema":{"@context":"https:\/\/schema.org","@graph":[{"@type":"WebPage","@id":"https:\/\/monarimusic.com\/","url":"https:\/\/monarimusic.com\/","name":"Monari Music","isPartOf":{"@id":"https:\/\/monarimusic.com\/#website"},"primaryImageOfPage":{"@id":"https:\/\/monarimusic.com\/#primaryimage"},"image":{"@id":"https:\/\/monarimusic.com\/#primaryimage"},"thumbnailUrl":"https:\/\/monarimusic.com\/wp-content\/uploads\/2021\/09\/2.jpg","datePublished":"2021-06-09T00:02:35+00:00","dateModified":"2024-06-29T14:19:24+00:00","description":"Andr\u00e9 Monari \u00e9 m\u00fasico Respons\u00e1vel pelo m\u00e9todo Monari Music Guitar Lessons, curso dispon\u00edvel em 3 idiomas e que j\u00e1 formou diversos guitarristas","breadcrumb":{"@id":"https:\/\/monarimusic.com\/#breadcrumb"},"inLanguage":"pt-BR","potentialAction":[{"@type":"ReadAction","target":["https:\/\/monarimusic.com\/"]}]},{"@type":"ImageObject","inLanguage":"pt-BR","@id":"https:\/\/monarimusic.com\/#primaryimage","url":"https:\/\/monarimusic.com\/wp-content\/uploads\/2021\/09\/2.jpg","contentUrl":"https:\/\/monarimusic.com\/wp-content\/uploads\/2021\/09\/2.jpg","width":2000,"height":2000},{"@type":"BreadcrumbList","@id":"https:\/\/monarimusic.com\/#breadcrumb","itemListElement":[{"@type":"ListItem","position":1,"name":"In\u00edcio","item":"https:\/\/monarimusic.com\/"},{"@type":"ListItem","position":2,"name":"HOME"}]},{"@type":"WebSite","@id":"https:\/\/monarimusic.com\/#website","url":"https:\/\/monarimusic.com\/","name":"Andr\u00e9 Monari","description":"","publisher":{"@id":"https:\/\/monarimusic.com\/#organization"},"potentialAction":[{"@type":"SearchAction","target":{"@type":"EntryPoint","urlTemplate":"https:\/\/monarimusic.com\/?s={search_term_string}"},"query-input":{"@type":"PropertyValueSpecification","valueRequired":true,"valueName":"search_term_string"}}],"inLanguage":"pt-BR"},{"@type":"Organization","@id":"https:\/\/monarimusic.com\/#organization","name":"Andr\u00e9 Monari","url":"https:\/\/monarimusic.com\/","logo":{"@type":"ImageObject","inLanguage":"pt-BR","@id":"https:\/\/monarimusic.com\/#\/schema\/logo\/image\/","url":"http:\/\/monarimusic.com\/wp-content\/uploads\/2021\/09\/2.jpg","contentUrl":"http:\/\/monarimusic.com\/wp-content\/uploads\/2021\/09\/2.jpg","width":2000,"height":2000,"caption":"Andr\u00e9 Monari"},"image":{"@id":"https:\/\/monarimusic.com\/#\/schema\/logo\/image\/"},"sameAs":["https:\/\/www.facebook.com\/andre.m.blues","https:\/\/www.instagram.com\/monarimusic\/","https:\/\/www.youtube.com\/channel\/UCiC_61cMgisbf6sDi3njxgw"]}]}},"_links":{"self":[{"href":"https:\/\/monarimusic.com\/pt\/wp-json\/wp\/v2\/pages\/354","targetHints":{"allow":["GET"]}}],"collection":[{"href":"https:\/\/monarimusic.com\/pt\/wp-json\/wp\/v2\/pages"}],"about":[{"href":"https:\/\/monarimusic.com\/pt\/wp-json\/wp\/v2\/types\/page"}],"author":[{"embeddable":true,"href":"https:\/\/monarimusic.com\/pt\/wp-json\/wp\/v2\/users\/4"}],"replies":[{"embeddable":true,"href":"https:\/\/monarimusic.com\/pt\/wp-json\/wp\/v2\/comments?post=354"}],"version-history":[{"count":307,"href":"https:\/\/monarimusic.com\/pt\/wp-json\/wp\/v2\/pages\/354\/revisions"}],"predecessor-version":[{"id":1417,"href":"https:\/\/monarimusic.com\/pt\/wp-json\/wp\/v2\/pages\/354\/revisions\/1417"}],"wp:featuredmedia":[{"embeddable":true,"href":"https:\/\/monarimusic.com\/pt\/wp-json\/wp\/v2\/media\/929"}],"wp:attachment":[{"href":"https:\/\/monarimusic.com\/pt\/wp-json\/wp\/v2\/media?parent=354"}],"curies":[{"name":"wp","href":"https:\/\/api.w.org\/{rel}","templated":true}]}}