{"id":472,"date":"2021-06-09T19:15:30","date_gmt":"2021-06-09T19:15:30","guid":{"rendered":"http:\/\/monarimusic.com\/?page_id=472"},"modified":"2023-12-24T19:20:50","modified_gmt":"2023-12-24T19:20:50","slug":"biography","status":"publish","type":"page","link":"https:\/\/monarimusic.com\/pt\/biography\/","title":{"rendered":"BIOGRAFIA"},"content":{"rendered":"\t\t<div data-elementor-type=\"wp-page\" data-elementor-id=\"472\" class=\"elementor elementor-472\" data-elementor-post-type=\"page\">\n\t\t\t\t\t\t<section class=\"elementor-section elementor-top-section elementor-element elementor-element-a7ee05f elementor-section-full_width elementor-section-height-min-height elementor-hidden-tablet elementor-hidden-mobile elementor-section-height-default elementor-section-items-middle\" data-id=\"a7ee05f\" data-element_type=\"section\" data-e-type=\"section\" data-settings=\"{&quot;background_background&quot;:&quot;slideshow&quot;,&quot;background_slideshow_gallery&quot;:[{&quot;id&quot;:921,&quot;url&quot;:&quot;http:\\\/\\\/monarimusic.com\\\/wp-content\\\/uploads\\\/2021\\\/09\\\/240107256_573217920590365_5913885605487112461_n.jpg&quot;},{&quot;id&quot;:929,&quot;url&quot;:&quot;http:\\\/\\\/monarimusic.com\\\/wp-content\\\/uploads\\\/2021\\\/09\\\/2.jpg&quot;}],&quot;background_slideshow_ken_burns&quot;:&quot;yes&quot;,&quot;background_slideshow_loop&quot;:&quot;yes&quot;,&quot;background_slideshow_slide_duration&quot;:5000,&quot;background_slideshow_slide_transition&quot;:&quot;fade&quot;,&quot;background_slideshow_transition_duration&quot;:500,&quot;background_slideshow_ken_burns_zoom_direction&quot;:&quot;in&quot;}\">\n\t\t\t\t\t\t\t<div class=\"elementor-background-overlay\"><\/div>\n\t\t\t\t\t\t\t<div class=\"elementor-container elementor-column-gap-default\">\n\t\t\t\t\t<div class=\"elementor-column elementor-col-100 elementor-top-column elementor-element elementor-element-a81877a elementor-hidden-tablet elementor-hidden-mobile\" data-id=\"a81877a\" data-element_type=\"column\" data-e-type=\"column\">\n\t\t\t<div class=\"elementor-widget-wrap elementor-element-populated\">\n\t\t\t\t\t\t<div class=\"elementor-element elementor-element-45d63bd elementor-widget elementor-widget-heading\" data-id=\"45d63bd\" data-element_type=\"widget\" data-e-type=\"widget\" data-widget_type=\"heading.default\">\n\t\t\t\t<div class=\"elementor-widget-container\">\n\t\t\t\t\t<h2 class=\"elementor-heading-title elementor-size-default\">BIOGRAPHY<\/h2>\t\t\t\t<\/div>\n\t\t\t\t<\/div>\n\t\t\t\t<div class=\"elementor-element elementor-element-f92b61d elementor-widget elementor-widget-heading\" data-id=\"f92b61d\" data-element_type=\"widget\" data-e-type=\"widget\" data-widget_type=\"heading.default\">\n\t\t\t\t<div class=\"elementor-widget-container\">\n\t\t\t\t\t<h6 class=\"elementor-heading-title elementor-size-default\">\nAndr\u00e9 Monari, born in SP, Brazil, began his studies at the Curson Conservatory with the renowned guitarist Robson Miguel where he graduated in guitar and jazz improvisation. In 1996 he founded his music school Top Sound in Balne\u00e1rio Cambori\u00fa (Brazil) and launched the Andr\u00e9 Monari guitar method.\nHe participated in several music festivals, notably FICO (Festival Interno do Col\u00e9gio Ol\u00edmpico). In 2000, he participated in his first international tour to Spain, playing throughout the Costa del Sol (M\u00e1laga, Sevilla, Granada, C\u00f3rdoba, Gibraltar, etc.) He was invited in 2012 to participate in the International Music Festival in Las Vegas, where he established himself playing in several Casinos, Brazilian Day Las Vegas, Miss Brasil Las Vegas and performing in 5 editions of Brazilian Day in San Diego.\nThere were more than 1000 shows across the country between 2012 and 2017. In 2020 he participated in the world's main Music Expo \u201cNamm\u201d, acting as an exclusive artist for the Tagima Usa guitar brand. He currently continues as an endorser of Tagima guitars, giving music lessons in schools and at his Home Studio in San Diego. He holds workshops, guitar masterclasses and also serves the Christian public through recordings, productions and presentations in several churches in the USA.<\/h6>\t\t\t\t<\/div>\n\t\t\t\t<\/div>\n\t\t\t\t\t<\/div>\n\t\t<\/div>\n\t\t\t\t\t<\/div>\n\t\t<\/section>\n\t\t\t\t<section class=\"elementor-section elementor-top-section elementor-element elementor-element-2498476 elementor-hidden-desktop elementor-section-boxed elementor-section-height-default elementor-section-height-default\" data-id=\"2498476\" data-element_type=\"section\" data-e-type=\"section\" data-settings=\"{&quot;background_background&quot;:&quot;classic&quot;}\">\n\t\t\t\t\t\t\t<div class=\"elementor-background-overlay\"><\/div>\n\t\t\t\t\t\t\t<div class=\"elementor-container elementor-column-gap-default\">\n\t\t\t\t\t<div class=\"elementor-column elementor-col-100 elementor-top-column elementor-element elementor-element-dffbb43\" data-id=\"dffbb43\" data-element_type=\"column\" data-e-type=\"column\">\n\t\t\t<div class=\"elementor-widget-wrap elementor-element-populated\">\n\t\t\t\t\t\t<div class=\"elementor-element elementor-element-bc7e393 elementor-widget elementor-widget-heading\" data-id=\"bc7e393\" data-element_type=\"widget\" data-e-type=\"widget\" data-widget_type=\"heading.default\">\n\t\t\t\t<div class=\"elementor-widget-container\">\n\t\t\t\t\t<h2 class=\"elementor-heading-title elementor-size-default\">BIOGRAFIA<\/h2>\t\t\t\t<\/div>\n\t\t\t\t<\/div>\n\t\t\t\t<div class=\"elementor-element elementor-element-6a690c8 elementor-widget elementor-widget-heading\" data-id=\"6a690c8\" data-element_type=\"widget\" data-e-type=\"widget\" data-widget_type=\"heading.default\">\n\t\t\t\t<div class=\"elementor-widget-container\">\n\t\t\t\t\t<h6 class=\"elementor-heading-title elementor-size-default\">\nAndr\u00e9 Monari nascido em SP, Brasil, come\u00e7ou seus estudos no Conservat\u00f3rio Curson com o renomado violonista Robson Miguel onde formou-se em guitarra e improvisa\u00e7\u00e3o de jazz. Em 1996 fundou sua escola de m\u00fasica Top Sound em Balne\u00e1rio Cambori\u00fa (Brasil) e lan\u00e7ou o m\u00e9todo de guitarra Andr\u00e9 Monari.\nParticipou de v\u00e1rios festivais de m\u00fasicas tendo em destaque o FICO (Festival Interno do Col\u00e9gio Objetivo). No ano de 2000, participou da sua primeira turn\u00ea internacional para a Espanha, tocando em toda a Costa do Sol (M\u00e1laga, Sevilla, Granada, C\u00f3rdoba, Gibraltar, etc..)Foi convidado em 2012 a participar do Festival Internacional de M\u00fasica em Las Vegas, onde se estabeleceu tocando em v\u00e1rios Casinos, Brazilian Day Las Vegas, Miss Brasil Las Vegas e apresenta\u00e7\u00f5es em 5 edi\u00e7\u00f5es do Brazilian Day em San Diego.\nForam mais de 1000 shows em todo o pa\u00eds entre os anos de 2012 a 2017. Em 2020 participou da principal Expo Music do mundo \u201cNamm\u201d, atuando como artista exclusivo da marca de guitarras Tagima Usa. Atualmente segue como endorse das guitarras Tagima, dando aulas de m\u00fasica em escolas e no seu Home Studio em San Diego. Realiza workshop, masterclass de guitarra e atende tamb\u00e9m o p\u00fablico crist\u00e3o atrav\u00e9s de grava\u00e7\u00f5es, produ\u00e7\u00f5es e apresenta\u00e7\u00f5es em diversas igrejas nos EUA.<\/h6>\t\t\t\t<\/div>\n\t\t\t\t<\/div>\n\t\t\t\t\t<\/div>\n\t\t<\/div>\n\t\t\t\t\t<\/div>\n\t\t<\/section>\n\t\t\t\t<\/div>\n\t\t","protected":false},"excerpt":{"rendered":"<p>BIOGRAPHY Andr\u00e9 Monari, born in SP, Brazil, began his studies at the Curson Conservatory with the renowned guitarist Robson Miguel where he graduated in guitar and jazz improvisation. In 1996 he founded his music school Top Sound in Balne\u00e1rio Cambori\u00fa (Brazil) and launched the Andr\u00e9 Monari guitar method. He participated in several music festivals, notably [&hellip;]<\/p>\n","protected":false},"author":4,"featured_media":0,"parent":0,"menu_order":0,"comment_status":"closed","ping_status":"closed","template":"elementor_header_footer","meta":{"_monsterinsights_skip_tracking":false,"_monsterinsights_sitenote_active":false,"_monsterinsights_sitenote_note":"","_monsterinsights_sitenote_category":0,"_uf_show_specific_survey":0,"_uf_disable_surveys":false,"footnotes":""},"class_list":["post-472","page","type-page","status-publish","hentry","wpbf-post"],"yoast_head":"<!-- This site is optimized with the Yoast SEO plugin v27.3 - https:\/\/yoast.com\/product\/yoast-seo-wordpress\/ -->\n<title>Biografia Andr\u00e9 Monari<\/title>\n<meta name=\"robots\" content=\"index, follow, max-snippet:-1, max-image-preview:large, max-video-preview:-1\" \/>\n<link rel=\"canonical\" href=\"https:\/\/monarimusic.com\/pt\/biography\/\" \/>\n<meta property=\"og:locale\" content=\"pt_BR\" \/>\n<meta property=\"og:type\" content=\"article\" \/>\n<meta property=\"og:title\" content=\"Biografia Andr\u00e9 Monari\" \/>\n<meta property=\"og:description\" content=\"BIOGRAPHY Andr\u00e9 Monari, born in SP, Brazil, began his studies at the Curson Conservatory with the renowned guitarist Robson Miguel where he graduated in guitar and jazz improvisation. In 1996 he founded his music school Top Sound in Balne\u00e1rio Cambori\u00fa (Brazil) and launched the Andr\u00e9 Monari guitar method. He participated in several music festivals, notably [&hellip;]\" \/>\n<meta property=\"og:url\" content=\"https:\/\/monarimusic.com\/pt\/biography\/\" \/>\n<meta property=\"og:site_name\" content=\"Andr\u00e9 Monari\" \/>\n<meta property=\"article:publisher\" content=\"https:\/\/www.facebook.com\/andre.m.blues\" \/>\n<meta property=\"article:modified_time\" content=\"2023-12-24T19:20:50+00:00\" \/>\n<meta property=\"og:image\" content=\"https:\/\/monarimusic.com\/wp-content\/uploads\/2021\/09\/2.jpg\" \/>\n\t<meta property=\"og:image:width\" content=\"2000\" \/>\n\t<meta property=\"og:image:height\" content=\"2000\" \/>\n\t<meta property=\"og:image:type\" content=\"image\/jpeg\" \/>\n<meta name=\"twitter:card\" content=\"summary_large_image\" \/>\n<meta name=\"twitter:label1\" content=\"Est. tempo de leitura\" \/>\n\t<meta name=\"twitter:data1\" content=\"3 minutos\" \/>\n<script type=\"application\/ld+json\" class=\"yoast-schema-graph\">{\"@context\":\"https:\\\/\\\/schema.org\",\"@graph\":[{\"@type\":\"WebPage\",\"@id\":\"https:\\\/\\\/monarimusic.com\\\/biography\\\/\",\"url\":\"https:\\\/\\\/monarimusic.com\\\/biography\\\/\",\"name\":\"Biografia Andr\u00e9 Monari\",\"isPartOf\":{\"@id\":\"https:\\\/\\\/monarimusic.com\\\/#website\"},\"datePublished\":\"2021-06-09T19:15:30+00:00\",\"dateModified\":\"2023-12-24T19:20:50+00:00\",\"breadcrumb\":{\"@id\":\"https:\\\/\\\/monarimusic.com\\\/biography\\\/#breadcrumb\"},\"inLanguage\":\"pt-BR\",\"potentialAction\":[{\"@type\":\"ReadAction\",\"target\":[\"https:\\\/\\\/monarimusic.com\\\/biography\\\/\"]}]},{\"@type\":\"BreadcrumbList\",\"@id\":\"https:\\\/\\\/monarimusic.com\\\/biography\\\/#breadcrumb\",\"itemListElement\":[{\"@type\":\"ListItem\",\"position\":1,\"name\":\"In\u00edcio\",\"item\":\"https:\\\/\\\/monarimusic.com\\\/\"},{\"@type\":\"ListItem\",\"position\":2,\"name\":\"BIOGRAPHY\"}]},{\"@type\":\"WebSite\",\"@id\":\"https:\\\/\\\/monarimusic.com\\\/#website\",\"url\":\"https:\\\/\\\/monarimusic.com\\\/\",\"name\":\"Andr\u00e9 Monari\",\"description\":\"\",\"publisher\":{\"@id\":\"https:\\\/\\\/monarimusic.com\\\/#organization\"},\"potentialAction\":[{\"@type\":\"SearchAction\",\"target\":{\"@type\":\"EntryPoint\",\"urlTemplate\":\"https:\\\/\\\/monarimusic.com\\\/?s={search_term_string}\"},\"query-input\":{\"@type\":\"PropertyValueSpecification\",\"valueRequired\":true,\"valueName\":\"search_term_string\"}}],\"inLanguage\":\"pt-BR\"},{\"@type\":\"Organization\",\"@id\":\"https:\\\/\\\/monarimusic.com\\\/#organization\",\"name\":\"Andr\u00e9 Monari\",\"url\":\"https:\\\/\\\/monarimusic.com\\\/\",\"logo\":{\"@type\":\"ImageObject\",\"inLanguage\":\"pt-BR\",\"@id\":\"https:\\\/\\\/monarimusic.com\\\/#\\\/schema\\\/logo\\\/image\\\/\",\"url\":\"http:\\\/\\\/monarimusic.com\\\/wp-content\\\/uploads\\\/2021\\\/09\\\/2.jpg\",\"contentUrl\":\"http:\\\/\\\/monarimusic.com\\\/wp-content\\\/uploads\\\/2021\\\/09\\\/2.jpg\",\"width\":2000,\"height\":2000,\"caption\":\"Andr\u00e9 Monari\"},\"image\":{\"@id\":\"https:\\\/\\\/monarimusic.com\\\/#\\\/schema\\\/logo\\\/image\\\/\"},\"sameAs\":[\"https:\\\/\\\/www.facebook.com\\\/andre.m.blues\",\"https:\\\/\\\/www.instagram.com\\\/monarimusic\\\/\",\"https:\\\/\\\/www.youtube.com\\\/channel\\\/UCiC_61cMgisbf6sDi3njxgw\"]}]}<\/script>\n<!-- \/ Yoast SEO plugin. -->","yoast_head_json":{"title":"Biografia Andr\u00e9 Monari","robots":{"index":"index","follow":"follow","max-snippet":"max-snippet:-1","max-image-preview":"max-image-preview:large","max-video-preview":"max-video-preview:-1"},"canonical":"https:\/\/monarimusic.com\/pt\/biography\/","og_locale":"pt_BR","og_type":"article","og_title":"Biografia Andr\u00e9 Monari","og_description":"BIOGRAPHY Andr\u00e9 Monari, born in SP, Brazil, began his studies at the Curson Conservatory with the renowned guitarist Robson Miguel where he graduated in guitar and jazz improvisation. In 1996 he founded his music school Top Sound in Balne\u00e1rio Cambori\u00fa (Brazil) and launched the Andr\u00e9 Monari guitar method. He participated in several music festivals, notably [&hellip;]","og_url":"https:\/\/monarimusic.com\/pt\/biography\/","og_site_name":"Andr\u00e9 Monari","article_publisher":"https:\/\/www.facebook.com\/andre.m.blues","article_modified_time":"2023-12-24T19:20:50+00:00","og_image":[{"width":2000,"height":2000,"url":"https:\/\/monarimusic.com\/wp-content\/uploads\/2021\/09\/2.jpg","type":"image\/jpeg"}],"twitter_card":"summary_large_image","twitter_misc":{"Est. tempo de leitura":"3 minutos"},"schema":{"@context":"https:\/\/schema.org","@graph":[{"@type":"WebPage","@id":"https:\/\/monarimusic.com\/biography\/","url":"https:\/\/monarimusic.com\/biography\/","name":"Biografia Andr\u00e9 Monari","isPartOf":{"@id":"https:\/\/monarimusic.com\/#website"},"datePublished":"2021-06-09T19:15:30+00:00","dateModified":"2023-12-24T19:20:50+00:00","breadcrumb":{"@id":"https:\/\/monarimusic.com\/biography\/#breadcrumb"},"inLanguage":"pt-BR","potentialAction":[{"@type":"ReadAction","target":["https:\/\/monarimusic.com\/biography\/"]}]},{"@type":"BreadcrumbList","@id":"https:\/\/monarimusic.com\/biography\/#breadcrumb","itemListElement":[{"@type":"ListItem","position":1,"name":"In\u00edcio","item":"https:\/\/monarimusic.com\/"},{"@type":"ListItem","position":2,"name":"BIOGRAPHY"}]},{"@type":"WebSite","@id":"https:\/\/monarimusic.com\/#website","url":"https:\/\/monarimusic.com\/","name":"Andr\u00e9 Monari","description":"","publisher":{"@id":"https:\/\/monarimusic.com\/#organization"},"potentialAction":[{"@type":"SearchAction","target":{"@type":"EntryPoint","urlTemplate":"https:\/\/monarimusic.com\/?s={search_term_string}"},"query-input":{"@type":"PropertyValueSpecification","valueRequired":true,"valueName":"search_term_string"}}],"inLanguage":"pt-BR"},{"@type":"Organization","@id":"https:\/\/monarimusic.com\/#organization","name":"Andr\u00e9 Monari","url":"https:\/\/monarimusic.com\/","logo":{"@type":"ImageObject","inLanguage":"pt-BR","@id":"https:\/\/monarimusic.com\/#\/schema\/logo\/image\/","url":"http:\/\/monarimusic.com\/wp-content\/uploads\/2021\/09\/2.jpg","contentUrl":"http:\/\/monarimusic.com\/wp-content\/uploads\/2021\/09\/2.jpg","width":2000,"height":2000,"caption":"Andr\u00e9 Monari"},"image":{"@id":"https:\/\/monarimusic.com\/#\/schema\/logo\/image\/"},"sameAs":["https:\/\/www.facebook.com\/andre.m.blues","https:\/\/www.instagram.com\/monarimusic\/","https:\/\/www.youtube.com\/channel\/UCiC_61cMgisbf6sDi3njxgw"]}]}},"_links":{"self":[{"href":"https:\/\/monarimusic.com\/pt\/wp-json\/wp\/v2\/pages\/472","targetHints":{"allow":["GET"]}}],"collection":[{"href":"https:\/\/monarimusic.com\/pt\/wp-json\/wp\/v2\/pages"}],"about":[{"href":"https:\/\/monarimusic.com\/pt\/wp-json\/wp\/v2\/types\/page"}],"author":[{"embeddable":true,"href":"https:\/\/monarimusic.com\/pt\/wp-json\/wp\/v2\/users\/4"}],"replies":[{"embeddable":true,"href":"https:\/\/monarimusic.com\/pt\/wp-json\/wp\/v2\/comments?post=472"}],"version-history":[{"count":49,"href":"https:\/\/monarimusic.com\/pt\/wp-json\/wp\/v2\/pages\/472\/revisions"}],"predecessor-version":[{"id":1323,"href":"https:\/\/monarimusic.com\/pt\/wp-json\/wp\/v2\/pages\/472\/revisions\/1323"}],"wp:attachment":[{"href":"https:\/\/monarimusic.com\/pt\/wp-json\/wp\/v2\/media?parent=472"}],"curies":[{"name":"wp","href":"https:\/\/api.w.org\/{rel}","templated":true}]}}